{"id":3,"date":"2024-05-07T14:24:16","date_gmt":"2024-05-07T12:24:16","guid":{"rendered":"http:\/\/cabinetmatchy.com\/?page_id=3"},"modified":"2024-09-30T11:30:24","modified_gmt":"2024-09-30T09:30:24","slug":"mentions-politique","status":"publish","type":"page","link":"https:\/\/cabinetmatchy.com\/index.php\/mentions-politique\/","title":{"rendered":"MENTIONS LEGALES"},"content":{"rendered":"<div class=\"fusion-fullwidth fullwidth-box fusion-builder-row-1 fusion-flex-container nonhundred-percent-fullwidth non-hundred-percent-height-scrolling\" style=\"--awb-border-radius-top-left:0px;--awb-border-radius-top-right:0px;--awb-border-radius-bottom-right:0px;--awb-border-radius-bottom-left:0px;--awb-flex-wrap:wrap;\" ><div class=\"fusion-builder-row fusion-row fusion-flex-align-items-flex-start fusion-flex-content-wrap\" style=\"max-width:1526.72px;margin-left: calc(-4% \/ 2 );margin-right: calc(-4% \/ 2 );\"><div class=\"fusion-layout-column fusion_builder_column fusion-builder-column-0 fusion_builder_column_1_1 1_1 fusion-flex-column\" style=\"--awb-bg-size:cover;--awb-width-large:100%;--awb-margin-top-large:0px;--awb-spacing-right-large:1.92%;--awb-margin-bottom-large:0px;--awb-spacing-left-large:1.92%;--awb-width-medium:100%;--awb-spacing-right-medium:1.92%;--awb-spacing-left-medium:1.92%;--awb-width-small:100%;--awb-spacing-right-small:1.92%;--awb-spacing-left-small:1.92%;\"><div class=\"fusion-column-wrapper fusion-flex-justify-content-flex-start fusion-content-layout-column\"><div class=\"fusion-text fusion-text-1\"><\/p>\n<h2 class=\"wp-block-heading\">Qui sommes-nous<span style=\"color: var(--awb-color4);\"> ?<\/span><\/h2>\n<\/p>\n<p>Bas\u00e9 \u00e0 Paris et La Rochelle, <i><span style=\"color: var(--awb-color4);\">matchy.<\/span><\/i> est un cabinet de recrutement d\u00e9di\u00e9 \u00e0 connecter les entreprises aux talents qui correspondent \u00e0 leurs valeurs et \u00e0 leurs besoins. Nous mettons un point d\u2019honneur \u00e0 offrir un service personnalis\u00e9, en garantissant transparence et r\u00e9activit\u00e9 tout au long du processus de recrutement. Notre \u00e9quipe d&rsquo;experts s&rsquo;engage \u00e0 accompagner nos clients et candidats vers des relations professionnelles durables et fructueuses.<\/p>\n<p>L\u2019adresse de notre site est : http:\/\/cabinetmatchy.com.<\/p><\/p>\n<\/div><div class=\"fusion-text fusion-text-2\"><\/p>\n<h2 class=\"wp-block-heading\">H\u00e9bergement du site<font color=\"#ffbbd0\">.<\/font><\/h2>\n<\/p>\n<p>Ce site est h\u00e9berg\u00e9 par OVH SAS 2 rue Kellermann &#8211; 59100 Roubaix &#8211; France<br><\/p><\/p>\n<\/div><div class=\"fusion-text fusion-text-3\"><\/p>\n<h2 class=\"wp-block-heading\">Propri\u00e9t\u00e9 Intellectuelle<font color=\"#ffbbd0\">.<\/font><\/h2>\n<\/p>\n<p>Tous les contenus pr\u00e9sents sur ce site, y compris, mais sans s&rsquo;y limiter, les textes, images, graphismes, logos, et ic\u00f4nes, sont la propri\u00e9t\u00e9 de Matchy ou de tiers ayant autoris\u00e9 Matchy \u00e0 les utiliser. Toute reproduction, distribution, modification ou utilisation sans autorisation pr\u00e9alable est strictement interdite.<\/p><\/p>\n<\/div><div class=\"fusion-text fusion-text-4\"><\/p>\n<h2 class=\"wp-block-heading\">Protection des Donn\u00e9es Personnelles<font color=\"#ffbbd0\">.<\/font><\/h2>\n<\/p>\n<p>Conform\u00e9ment \u00e0 la l\u00e9gislation sur la protection des donn\u00e9es personnelles, vous disposez d\u2019un droit d\u2019acc\u00e8s, de rectification et de suppression des donn\u00e9es vous concernant. Pour exercer ce droit, veuillez nous contacter par mail.<\/p><\/p>\n<\/div><div class=\"fusion-text fusion-text-5\"><\/p>\n<h2 class=\"wp-block-heading\">Cookies<font color=\"#ffbbd0\">.<\/font><\/h2>\n<\/p>\n<p>Ce site utilise des cookies pour am\u00e9liorer votre exp\u00e9rience utilisateur. En poursuivant votre navigation sur ce site, vous acceptez l&rsquo;utilisation de ces cookies. Vous pouvez g\u00e9rer vos pr\u00e9f\u00e9rences en mati\u00e8re de cookies dans les param\u00e8tres de votre navigateur. Ces cookies expirent au bout d\u2019un an.<\/p><\/p>\n<\/div><div class=\"fusion-text fusion-text-6\"><\/p>\n<h2 class=\"wp-block-heading\">Responsabilit\u00e9<font color=\"#ffbbd0\">.<\/font><\/h2>\n<\/p>\n<p>Matchy ne pourra \u00eatre tenu responsable des dommages directs ou indirects r\u00e9sultant de l&rsquo;acc\u00e8s \u00e0 ce site ou de l&rsquo;utilisation des informations qui y figurent.<\/p><\/p>\n<\/div><div class=\"fusion-text fusion-text-7\"><\/p>\n<h2 class=\"wp-block-heading\">Loi applicable<font color=\"#ffbbd0\">.<\/font><\/h2>\n<\/p>\n<p>Les pr\u00e9sentes mentions l\u00e9gales sont r\u00e9gies par la loi fran\u00e7aise. En cas de litige, les tribunaux fran\u00e7ais seront seuls comp\u00e9tents.<\/p><\/p>\n<\/div><\/div><\/div><\/div><\/div>","protected":false},"excerpt":{"rendered":"","protected":false},"author":1,"featured_media":0,"parent":0,"menu_order":0,"comment_status":"closed","ping_status":"open","template":"","meta":{"footnotes":""},"class_list":["post-3","page","type-page","status-publish","hentry"],"_links":{"self":[{"href":"https:\/\/cabinetmatchy.com\/index.php\/wp-json\/wp\/v2\/pages\/3","targetHints":{"allow":["GET"]}}],"collection":[{"href":"https:\/\/cabinetmatchy.com\/index.php\/wp-json\/wp\/v2\/pages"}],"about":[{"href":"https:\/\/cabinetmatchy.com\/index.php\/wp-json\/wp\/v2\/types\/page"}],"author":[{"embeddable":true,"href":"https:\/\/cabinetmatchy.com\/index.php\/wp-json\/wp\/v2\/users\/1"}],"replies":[{"embeddable":true,"href":"https:\/\/cabinetmatchy.com\/index.php\/wp-json\/wp\/v2\/comments?post=3"}],"version-history":[{"count":1,"href":"https:\/\/cabinetmatchy.com\/index.php\/wp-json\/wp\/v2\/pages\/3\/revisions"}],"predecessor-version":[{"id":1488,"href":"https:\/\/cabinetmatchy.com\/index.php\/wp-json\/wp\/v2\/pages\/3\/revisions\/1488"}],"wp:attachment":[{"href":"https:\/\/cabinetmatchy.com\/index.php\/wp-json\/wp\/v2\/media?parent=3"}],"curies":[{"name":"wp","href":"https:\/\/api.w.org\/{rel}","templated":true}]}}